{"id":206,"date":"2025-10-28T10:01:47","date_gmt":"2025-10-28T08:01:47","guid":{"rendered":"https:\/\/corplore.fi\/?page_id=206"},"modified":"2026-02-13T16:26:50","modified_gmt":"2026-02-13T14:26:50","slug":"interim-viestintaresurssi","status":"publish","type":"page","link":"https:\/\/corplore.fi\/index.php\/interim-viestintaresurssi\/","title":{"rendered":"Interim-viestint\u00e4resurssi"},"content":{"rendered":"\n<p>Tarvitsetko joustavaa ja asiantuntevaa tilap\u00e4ist\u00e4 viestint\u00e4resurssia \u2013 esimerkiksi viestint\u00e4johtajan sijaisuuden ajaksi? Tai onko rekrytointi k\u00e4ynniss\u00e4 ja apua tarvitaan kunnes paikka on t\u00e4ytetty? Tai onko yrityksess\u00e4si k\u00e4ynniss\u00e4 iso muutos, joka vaatii osaavia lis\u00e4k\u00e4si\u00e4?<\/p>\n\n\n\n<p>Voin hyp\u00e4t\u00e4 mukaan projektiin tai ottaa vastuuta kriittisist\u00e4 viestint\u00e4teht\u00e4vist\u00e4 ja varmistaa, ett\u00e4 viestint\u00e4 toimii sujuvasti ja tukee organisaation tavoitteita muutosten keskell\u00e4. N\u00e4in saat k\u00e4ytt\u00f6\u00f6si tuoretta osaamista ja varmuutta, kun oma tiimi kaipaa lis\u00e4vahvistusta.<\/p>\n\n\n\n<figure class=\"wp-block-image size-large\"><img loading=\"lazy\" decoding=\"async\" width=\"1024\" height=\"961\" src=\"https:\/\/corplore.fi\/wp-content\/uploads\/2026\/02\/Tikapuut2-1024x961.jpg\" alt=\"\" class=\"wp-image-266\" srcset=\"https:\/\/corplore.fi\/wp-content\/uploads\/2026\/02\/Tikapuut2-1024x961.jpg 1024w, https:\/\/corplore.fi\/wp-content\/uploads\/2026\/02\/Tikapuut2-300x281.jpg 300w, https:\/\/corplore.fi\/wp-content\/uploads\/2026\/02\/Tikapuut2-768x720.jpg 768w, https:\/\/corplore.fi\/wp-content\/uploads\/2026\/02\/Tikapuut2.jpg 1274w\" sizes=\"auto, (max-width: 1024px) 100vw, 1024px\" \/><\/figure>\n","protected":false},"excerpt":{"rendered":"<p>Tarvitsetko joustavaa ja asiantuntevaa tilap\u00e4ist\u00e4 viestint\u00e4resurssia \u2013 esimerkiksi viestint\u00e4johtajan sijaisuuden ajaksi? Tai onko rekrytointi k\u00e4ynniss\u00e4 ja apua tarvitaan kunnes paikka [&hellip;]<\/p>\n","protected":false},"author":1,"featured_media":0,"parent":0,"menu_order":0,"comment_status":"closed","ping_status":"closed","template":"","meta":{"site-sidebar-layout":"default","site-content-layout":"","ast-site-content-layout":"narrow-width-container","site-content-style":"default","site-sidebar-style":"default","ast-global-header-display":"","ast-banner-title-visibility":"","ast-main-header-display":"","ast-hfb-above-header-display":"","ast-hfb-below-header-display":"","ast-hfb-mobile-header-display":"","site-post-title":"","ast-breadcrumbs-content":"","ast-featured-img":"","footer-sml-layout":"","ast-disable-related-posts":"","theme-transparent-header-meta":"","adv-header-id-meta":"","stick-header-meta":"","header-above-stick-meta":"","header-main-stick-meta":"","header-below-stick-meta":"","astra-migrate-meta-layouts":"default","ast-page-background-enabled":"default","ast-page-background-meta":{"desktop":{"background-color":"var(--ast-global-color-5)","background-image":"","background-repeat":"repeat","background-position":"center center","background-size":"auto","background-attachment":"scroll","background-type":"","background-media":"","overlay-type":"","overlay-color":"","overlay-opacity":"","overlay-gradient":""},"tablet":{"background-color":"","background-image":"","background-repeat":"repeat","background-position":"center center","background-size":"auto","background-attachment":"scroll","background-type":"","background-media":"","overlay-type":"","overlay-color":"","overlay-opacity":"","overlay-gradient":""},"mobile":{"background-color":"","background-image":"","background-repeat":"repeat","background-position":"center center","background-size":"auto","background-attachment":"scroll","background-type":"","background-media":"","overlay-type":"","overlay-color":"","overlay-opacity":"","overlay-gradient":""}},"ast-content-background-meta":{"desktop":{"background-color":"var(--ast-global-color-4)","background-image":"","background-repeat":"repeat","background-position":"center center","background-size":"auto","background-attachment":"scroll","background-type":"","background-media":"","overlay-type":"","overlay-color":"","overlay-opacity":"","overlay-gradient":""},"tablet":{"background-color":"var(--ast-global-color-4)","background-image":"","background-repeat":"repeat","background-position":"center center","background-size":"auto","background-attachment":"scroll","background-type":"","background-media":"","overlay-type":"","overlay-color":"","overlay-opacity":"","overlay-gradient":""},"mobile":{"background-color":"var(--ast-global-color-4)","background-image":"","background-repeat":"repeat","background-position":"center center","background-size":"auto","background-attachment":"scroll","background-type":"","background-media":"","overlay-type":"","overlay-color":"","overlay-opacity":"","overlay-gradient":""}},"footnotes":""},"class_list":["post-206","page","type-page","status-publish","hentry"],"_links":{"self":[{"href":"https:\/\/corplore.fi\/index.php\/wp-json\/wp\/v2\/pages\/206","targetHints":{"allow":["GET"]}}],"collection":[{"href":"https:\/\/corplore.fi\/index.php\/wp-json\/wp\/v2\/pages"}],"about":[{"href":"https:\/\/corplore.fi\/index.php\/wp-json\/wp\/v2\/types\/page"}],"author":[{"embeddable":true,"href":"https:\/\/corplore.fi\/index.php\/wp-json\/wp\/v2\/users\/1"}],"replies":[{"embeddable":true,"href":"https:\/\/corplore.fi\/index.php\/wp-json\/wp\/v2\/comments?post=206"}],"version-history":[{"count":5,"href":"https:\/\/corplore.fi\/index.php\/wp-json\/wp\/v2\/pages\/206\/revisions"}],"predecessor-version":[{"id":308,"href":"https:\/\/corplore.fi\/index.php\/wp-json\/wp\/v2\/pages\/206\/revisions\/308"}],"wp:attachment":[{"href":"https:\/\/corplore.fi\/index.php\/wp-json\/wp\/v2\/media?parent=206"}],"curies":[{"name":"wp","href":"https:\/\/api.w.org\/{rel}","templated":true}]}}