{"id":204,"date":"2025-10-28T10:02:45","date_gmt":"2025-10-28T08:02:45","guid":{"rendered":"https:\/\/corplore.fi\/?page_id=204"},"modified":"2026-02-13T16:27:48","modified_gmt":"2026-02-13T14:27:48","slug":"viestintavalmennus","status":"publish","type":"page","link":"https:\/\/corplore.fi\/index.php\/viestintavalmennus\/","title":{"rendered":"Kielisparraus"},"content":{"rendered":"\n<p>Kansainv\u00e4lisen liiketoiminnan hoitaminen sujuvasti englanniksi on Suomelle v\u00e4ltt\u00e4m\u00e4t\u00f6nt\u00e4. Erotumme paremmin kilpailijoista, luomme vahvoja suhteita asiakkaisiimme, p\u00e4\u00e4semme nopeammin asiaan ja saamme parempia tuloksia, kun viestint\u00e4mme on sujuvaa. Teemme parempaa globaalia bisnest\u00e4 ja luomme kasvua.<br><br>Tutkimusten mukaan suomalaiset hallitsevat keskim\u00e4\u00e4rin englannin hyvin. Monet kokevat silti ep\u00e4varmuutta esiintymisess\u00e4\u00e4n, joka saattaa olla kankeaa ja hidasta \u201drallienglantia\u201d.<\/p>\n\n\n\n<p>Olen urani varrella osallistunut lukemattomiin englanninkielisiin kokouksiin ja tilaisuuksiin ja todennut, ett\u00e4 englanninkielist\u00e4 esiintymist\u00e4 pit\u00e4isi ehdottomasti saada sujuvammaksi. <\/p>\n\n\n\n<p>Tarjoan tehokkaita r\u00e4\u00e4t\u00e4l\u00f6ityj\u00e4 valmennuksia, joiden avulla yritysten avainhenkil\u00f6t voivat kehitt\u00e4\u00e4 englannin kielen sujuvuutta niin kirjallisessa kuin suullisessa viestinn\u00e4ss\u00e4\u00e4n ja esiintymisess\u00e4\u00e4n. Englannin FM-taustani antaa minulle my\u00f6s erinomaiset teoriavalmiudet k\u00e4yt\u00e4nn\u00f6n lis\u00e4ksi. Pienill\u00e4kin askelilla saadaan aikaan huomattavaa parannusta!<\/p>\n\n\n\n<p><strong>Vaikuttavuutta saa lis\u00e4\u00e4 esiintymiseen l\u00e4ht\u00f6tasosta riippumatta<\/strong><\/p>\n\n\n\n<figure class=\"wp-block-image size-full\"><img loading=\"lazy\" decoding=\"async\" width=\"673\" height=\"439\" src=\"https:\/\/corplore.fi\/wp-content\/uploads\/2026\/02\/kielivalmennus.jpg\" alt=\"\" class=\"wp-image-340\" srcset=\"https:\/\/corplore.fi\/wp-content\/uploads\/2026\/02\/kielivalmennus.jpg 673w, https:\/\/corplore.fi\/wp-content\/uploads\/2026\/02\/kielivalmennus-300x196.jpg 300w\" sizes=\"auto, (max-width: 673px) 100vw, 673px\" \/><\/figure>\n\n\n\n<figure class=\"wp-block-image size-large\"><img loading=\"lazy\" decoding=\"async\" width=\"1024\" height=\"678\" src=\"https:\/\/corplore.fi\/wp-content\/uploads\/2025\/10\/Corploresta-1024x678.jpg\" alt=\"\" class=\"wp-image-232\" srcset=\"https:\/\/corplore.fi\/wp-content\/uploads\/2025\/10\/Corploresta-1024x678.jpg 1024w, https:\/\/corplore.fi\/wp-content\/uploads\/2025\/10\/Corploresta-300x199.jpg 300w, https:\/\/corplore.fi\/wp-content\/uploads\/2025\/10\/Corploresta-768x509.jpg 768w, https:\/\/corplore.fi\/wp-content\/uploads\/2025\/10\/Corploresta-1536x1018.jpg 1536w, https:\/\/corplore.fi\/wp-content\/uploads\/2025\/10\/Corploresta.jpg 2000w\" sizes=\"auto, (max-width: 1024px) 100vw, 1024px\" \/><\/figure>\n","protected":false},"excerpt":{"rendered":"<p>Kansainv\u00e4lisen liiketoiminnan hoitaminen sujuvasti englanniksi on Suomelle v\u00e4ltt\u00e4m\u00e4t\u00f6nt\u00e4. Erotumme paremmin kilpailijoista, luomme vahvoja suhteita asiakkaisiimme, p\u00e4\u00e4semme nopeammin asiaan ja saamme [&hellip;]<\/p>\n","protected":false},"author":1,"featured_media":0,"parent":0,"menu_order":0,"comment_status":"closed","ping_status":"closed","template":"","meta":{"site-sidebar-layout":"default","site-content-layout":"","ast-site-content-layout":"narrow-width-container","site-content-style":"default","site-sidebar-style":"default","ast-global-header-display":"","ast-banner-title-visibility":"","ast-main-header-display":"","ast-hfb-above-header-display":"","ast-hfb-below-header-display":"","ast-hfb-mobile-header-display":"","site-post-title":"","ast-breadcrumbs-content":"","ast-featured-img":"","footer-sml-layout":"","ast-disable-related-posts":"","theme-transparent-header-meta":"","adv-header-id-meta":"","stick-header-meta":"","header-above-stick-meta":"","header-main-stick-meta":"","header-below-stick-meta":"","astra-migrate-meta-layouts":"default","ast-page-background-enabled":"default","ast-page-background-meta":{"desktop":{"background-color":"var(--ast-global-color-5)","background-image":"","background-repeat":"repeat","background-position":"center center","background-size":"auto","background-attachment":"scroll","background-type":"","background-media":"","overlay-type":"","overlay-color":"","overlay-opacity":"","overlay-gradient":""},"tablet":{"background-color":"","background-image":"","background-repeat":"repeat","background-position":"center center","background-size":"auto","background-attachment":"scroll","background-type":"","background-media":"","overlay-type":"","overlay-color":"","overlay-opacity":"","overlay-gradient":""},"mobile":{"background-color":"","background-image":"","background-repeat":"repeat","background-position":"center center","background-size":"auto","background-attachment":"scroll","background-type":"","background-media":"","overlay-type":"","overlay-color":"","overlay-opacity":"","overlay-gradient":""}},"ast-content-background-meta":{"desktop":{"background-color":"var(--ast-global-color-4)","background-image":"","background-repeat":"repeat","background-position":"center center","background-size":"auto","background-attachment":"scroll","background-type":"","background-media":"","overlay-type":"","overlay-color":"","overlay-opacity":"","overlay-gradient":""},"tablet":{"background-color":"var(--ast-global-color-4)","background-image":"","background-repeat":"repeat","background-position":"center center","background-size":"auto","background-attachment":"scroll","background-type":"","background-media":"","overlay-type":"","overlay-color":"","overlay-opacity":"","overlay-gradient":""},"mobile":{"background-color":"var(--ast-global-color-4)","background-image":"","background-repeat":"repeat","background-position":"center center","background-size":"auto","background-attachment":"scroll","background-type":"","background-media":"","overlay-type":"","overlay-color":"","overlay-opacity":"","overlay-gradient":""}},"footnotes":""},"class_list":["post-204","page","type-page","status-publish","hentry"],"_links":{"self":[{"href":"https:\/\/corplore.fi\/index.php\/wp-json\/wp\/v2\/pages\/204","targetHints":{"allow":["GET"]}}],"collection":[{"href":"https:\/\/corplore.fi\/index.php\/wp-json\/wp\/v2\/pages"}],"about":[{"href":"https:\/\/corplore.fi\/index.php\/wp-json\/wp\/v2\/types\/page"}],"author":[{"embeddable":true,"href":"https:\/\/corplore.fi\/index.php\/wp-json\/wp\/v2\/users\/1"}],"replies":[{"embeddable":true,"href":"https:\/\/corplore.fi\/index.php\/wp-json\/wp\/v2\/comments?post=204"}],"version-history":[{"count":12,"href":"https:\/\/corplore.fi\/index.php\/wp-json\/wp\/v2\/pages\/204\/revisions"}],"predecessor-version":[{"id":343,"href":"https:\/\/corplore.fi\/index.php\/wp-json\/wp\/v2\/pages\/204\/revisions\/343"}],"wp:attachment":[{"href":"https:\/\/corplore.fi\/index.php\/wp-json\/wp\/v2\/media?parent=204"}],"curies":[{"name":"wp","href":"https:\/\/api.w.org\/{rel}","templated":true}]}}