{"id":202,"date":"2025-10-28T10:02:19","date_gmt":"2025-10-28T08:02:19","guid":{"rendered":"https:\/\/corplore.fi\/?page_id=202"},"modified":"2026-02-13T16:28:30","modified_gmt":"2026-02-13T14:28:30","slug":"strateginen-viestintatuki","status":"publish","type":"page","link":"https:\/\/corplore.fi\/index.php\/strateginen-viestintatuki\/","title":{"rendered":"Strateginen viestint\u00e4tuki"},"content":{"rendered":"\n<p>Vahvan viestint\u00e4taustani ja -osaamiseni avulla autan organisaatiota laatimaan tavoitteellisen viestint\u00e4strategian. Sparraan viestint\u00e4ammattilaisia, johtoryhmi\u00e4 ja asiantuntijoita ja autan laatimaan konkreettisia toimenpiteit\u00e4, jotka tukevat yrityksen kasvua ja menestyst\u00e4.<br><br>Autan kriisivalmiuksien kehitt\u00e4misess\u00e4 ja olen tukena mik\u00e4li kriisitilanne yll\u00e4tt\u00e4\u00e4. Valmennan tarvittaessa avainhenkil\u00f6it\u00e4 mediasuhteiden hoitamisessa. <\/p>\n\n\n\n<figure class=\"wp-block-image size-large\"><img loading=\"lazy\" decoding=\"async\" width=\"1024\" height=\"636\" src=\"https:\/\/corplore.fi\/wp-content\/uploads\/2026\/02\/Tyopoyta-1024x636.jpg\" alt=\"\" class=\"wp-image-296\" srcset=\"https:\/\/corplore.fi\/wp-content\/uploads\/2026\/02\/Tyopoyta-1024x636.jpg 1024w, https:\/\/corplore.fi\/wp-content\/uploads\/2026\/02\/Tyopoyta-300x186.jpg 300w, https:\/\/corplore.fi\/wp-content\/uploads\/2026\/02\/Tyopoyta-768x477.jpg 768w, https:\/\/corplore.fi\/wp-content\/uploads\/2026\/02\/Tyopoyta.jpg 1252w\" sizes=\"auto, (max-width: 1024px) 100vw, 1024px\" \/><\/figure>\n","protected":false},"excerpt":{"rendered":"<p>Vahvan viestint\u00e4taustani ja -osaamiseni avulla autan organisaatiota laatimaan tavoitteellisen viestint\u00e4strategian. Sparraan viestint\u00e4ammattilaisia, johtoryhmi\u00e4 ja asiantuntijoita ja autan laatimaan konkreettisia toimenpiteit\u00e4, [&hellip;]<\/p>\n","protected":false},"author":1,"featured_media":0,"parent":0,"menu_order":0,"comment_status":"closed","ping_status":"closed","template":"","meta":{"site-sidebar-layout":"default","site-content-layout":"","ast-site-content-layout":"narrow-width-container","site-content-style":"default","site-sidebar-style":"default","ast-global-header-display":"","ast-banner-title-visibility":"","ast-main-header-display":"","ast-hfb-above-header-display":"","ast-hfb-below-header-display":"","ast-hfb-mobile-header-display":"","site-post-title":"","ast-breadcrumbs-content":"","ast-featured-img":"","footer-sml-layout":"","ast-disable-related-posts":"","theme-transparent-header-meta":"","adv-header-id-meta":"","stick-header-meta":"","header-above-stick-meta":"","header-main-stick-meta":"","header-below-stick-meta":"","astra-migrate-meta-layouts":"default","ast-page-background-enabled":"default","ast-page-background-meta":{"desktop":{"background-color":"var(--ast-global-color-5)","background-image":"","background-repeat":"repeat","background-position":"center center","background-size":"auto","background-attachment":"scroll","background-type":"","background-media":"","overlay-type":"","overlay-color":"","overlay-opacity":"","overlay-gradient":""},"tablet":{"background-color":"","background-image":"","background-repeat":"repeat","background-position":"center center","background-size":"auto","background-attachment":"scroll","background-type":"","background-media":"","overlay-type":"","overlay-color":"","overlay-opacity":"","overlay-gradient":""},"mobile":{"background-color":"","background-image":"","background-repeat":"repeat","background-position":"center center","background-size":"auto","background-attachment":"scroll","background-type":"","background-media":"","overlay-type":"","overlay-color":"","overlay-opacity":"","overlay-gradient":""}},"ast-content-background-meta":{"desktop":{"background-color":"var(--ast-global-color-4)","background-image":"","background-repeat":"repeat","background-position":"center center","background-size":"auto","background-attachment":"scroll","background-type":"","background-media":"","overlay-type":"","overlay-color":"","overlay-opacity":"","overlay-gradient":""},"tablet":{"background-color":"var(--ast-global-color-4)","background-image":"","background-repeat":"repeat","background-position":"center center","background-size":"auto","background-attachment":"scroll","background-type":"","background-media":"","overlay-type":"","overlay-color":"","overlay-opacity":"","overlay-gradient":""},"mobile":{"background-color":"var(--ast-global-color-4)","background-image":"","background-repeat":"repeat","background-position":"center center","background-size":"auto","background-attachment":"scroll","background-type":"","background-media":"","overlay-type":"","overlay-color":"","overlay-opacity":"","overlay-gradient":""}},"footnotes":""},"class_list":["post-202","page","type-page","status-publish","hentry"],"_links":{"self":[{"href":"https:\/\/corplore.fi\/index.php\/wp-json\/wp\/v2\/pages\/202","targetHints":{"allow":["GET"]}}],"collection":[{"href":"https:\/\/corplore.fi\/index.php\/wp-json\/wp\/v2\/pages"}],"about":[{"href":"https:\/\/corplore.fi\/index.php\/wp-json\/wp\/v2\/types\/page"}],"author":[{"embeddable":true,"href":"https:\/\/corplore.fi\/index.php\/wp-json\/wp\/v2\/users\/1"}],"replies":[{"embeddable":true,"href":"https:\/\/corplore.fi\/index.php\/wp-json\/wp\/v2\/comments?post=202"}],"version-history":[{"count":8,"href":"https:\/\/corplore.fi\/index.php\/wp-json\/wp\/v2\/pages\/202\/revisions"}],"predecessor-version":[{"id":337,"href":"https:\/\/corplore.fi\/index.php\/wp-json\/wp\/v2\/pages\/202\/revisions\/337"}],"wp:attachment":[{"href":"https:\/\/corplore.fi\/index.php\/wp-json\/wp\/v2\/media?parent=202"}],"curies":[{"name":"wp","href":"https:\/\/api.w.org\/{rel}","templated":true}]}}