{"id":189,"date":"2025-10-28T10:03:21","date_gmt":"2025-10-28T08:03:21","guid":{"rendered":"https:\/\/corplore.fi\/?page_id=189"},"modified":"2026-03-04T10:17:49","modified_gmt":"2026-03-04T08:17:49","slug":"yhteystiedot","status":"publish","type":"page","link":"https:\/\/corplore.fi\/index.php\/yhteystiedot\/","title":{"rendered":"Yhteystiedot"},"content":{"rendered":"\n<p class=\"has-medium-font-size\"><strong>Kokenut viestinn\u00e4n ammattilainen k\u00e4ytett\u00e4viss\u00e4si &#8211; ota yhteytt\u00e4!<\/strong><\/p>\n\n\n\n<p>Corplore<br>helena.marjaranta@outlook.com<br>Y-tunnus 3540505-9<br>www.corplore.fi<\/p>\n\n\n\n<figure class=\"wp-block-image size-large\"><img loading=\"lazy\" decoding=\"async\" width=\"1024\" height=\"698\" src=\"https:\/\/corplore.fi\/wp-content\/uploads\/2025\/10\/Yhteystiedot-1024x698.jpg\" alt=\"\" class=\"wp-image-234\" srcset=\"https:\/\/corplore.fi\/wp-content\/uploads\/2025\/10\/Yhteystiedot-1024x698.jpg 1024w, https:\/\/corplore.fi\/wp-content\/uploads\/2025\/10\/Yhteystiedot-300x204.jpg 300w, https:\/\/corplore.fi\/wp-content\/uploads\/2025\/10\/Yhteystiedot-768x523.jpg 768w, https:\/\/corplore.fi\/wp-content\/uploads\/2025\/10\/Yhteystiedot-1536x1047.jpg 1536w, https:\/\/corplore.fi\/wp-content\/uploads\/2025\/10\/Yhteystiedot.jpg 2000w\" sizes=\"auto, (max-width: 1024px) 100vw, 1024px\" \/><\/figure>\n","protected":false},"excerpt":{"rendered":"<p>Kokenut viestinn\u00e4n ammattilainen k\u00e4ytett\u00e4viss\u00e4si &#8211; ota yhteytt\u00e4! Corplorehelena.marjaranta@outlook.comY-tunnus 3540505-9www.corplore.fi<\/p>\n","protected":false},"author":1,"featured_media":0,"parent":0,"menu_order":0,"comment_status":"closed","ping_status":"closed","template":"","meta":{"site-sidebar-layout":"default","site-content-layout":"","ast-site-content-layout":"narrow-width-container","site-content-style":"default","site-sidebar-style":"default","ast-global-header-display":"","ast-banner-title-visibility":"","ast-main-header-display":"","ast-hfb-above-header-display":"","ast-hfb-below-header-display":"","ast-hfb-mobile-header-display":"","site-post-title":"","ast-breadcrumbs-content":"","ast-featured-img":"","footer-sml-layout":"","ast-disable-related-posts":"","theme-transparent-header-meta":"","adv-header-id-meta":"","stick-header-meta":"","header-above-stick-meta":"","header-main-stick-meta":"","header-below-stick-meta":"","astra-migrate-meta-layouts":"default","ast-page-background-enabled":"default","ast-page-background-meta":{"desktop":{"background-color":"var(--ast-global-color-5)","background-image":"","background-repeat":"repeat","background-position":"center center","background-size":"auto","background-attachment":"scroll","background-type":"","background-media":"","overlay-type":"","overlay-color":"","overlay-opacity":"","overlay-gradient":""},"tablet":{"background-color":"","background-image":"","background-repeat":"repeat","background-position":"center center","background-size":"auto","background-attachment":"scroll","background-type":"","background-media":"","overlay-type":"","overlay-color":"","overlay-opacity":"","overlay-gradient":""},"mobile":{"background-color":"","background-image":"","background-repeat":"repeat","background-position":"center center","background-size":"auto","background-attachment":"scroll","background-type":"","background-media":"","overlay-type":"","overlay-color":"","overlay-opacity":"","overlay-gradient":""}},"ast-content-background-meta":{"desktop":{"background-color":"var(--ast-global-color-4)","background-image":"","background-repeat":"repeat","background-position":"center center","background-size":"auto","background-attachment":"scroll","background-type":"","background-media":"","overlay-type":"","overlay-color":"","overlay-opacity":"","overlay-gradient":""},"tablet":{"background-color":"var(--ast-global-color-4)","background-image":"","background-repeat":"repeat","background-position":"center center","background-size":"auto","background-attachment":"scroll","background-type":"","background-media":"","overlay-type":"","overlay-color":"","overlay-opacity":"","overlay-gradient":""},"mobile":{"background-color":"var(--ast-global-color-4)","background-image":"","background-repeat":"repeat","background-position":"center center","background-size":"auto","background-attachment":"scroll","background-type":"","background-media":"","overlay-type":"","overlay-color":"","overlay-opacity":"","overlay-gradient":""}},"footnotes":""},"class_list":["post-189","page","type-page","status-publish","hentry"],"_links":{"self":[{"href":"https:\/\/corplore.fi\/index.php\/wp-json\/wp\/v2\/pages\/189","targetHints":{"allow":["GET"]}}],"collection":[{"href":"https:\/\/corplore.fi\/index.php\/wp-json\/wp\/v2\/pages"}],"about":[{"href":"https:\/\/corplore.fi\/index.php\/wp-json\/wp\/v2\/types\/page"}],"author":[{"embeddable":true,"href":"https:\/\/corplore.fi\/index.php\/wp-json\/wp\/v2\/users\/1"}],"replies":[{"embeddable":true,"href":"https:\/\/corplore.fi\/index.php\/wp-json\/wp\/v2\/comments?post=189"}],"version-history":[{"count":7,"href":"https:\/\/corplore.fi\/index.php\/wp-json\/wp\/v2\/pages\/189\/revisions"}],"predecessor-version":[{"id":414,"href":"https:\/\/corplore.fi\/index.php\/wp-json\/wp\/v2\/pages\/189\/revisions\/414"}],"wp:attachment":[{"href":"https:\/\/corplore.fi\/index.php\/wp-json\/wp\/v2\/media?parent=189"}],"curies":[{"name":"wp","href":"https:\/\/api.w.org\/{rel}","templated":true}]}}