{"id":186,"date":"2025-10-28T10:00:52","date_gmt":"2025-10-28T08:00:52","guid":{"rendered":"https:\/\/corplore.fi\/?page_id=186"},"modified":"2026-02-13T16:25:12","modified_gmt":"2026-02-13T14:25:12","slug":"corplore","status":"publish","type":"page","link":"https:\/\/corplore.fi\/index.php\/corplore\/","title":{"rendered":"Corplore"},"content":{"rendered":"\n<p>Corploren teht\u00e4v\u00e4 on auttaa yrityksi\u00e4 l\u00f6yt\u00e4m\u00e4\u00e4n omat ainutlaatuiset tarinansa ja kokemuksensa ja tuomaan ne esiin vaikuttavan viestinn\u00e4n keinoin. Uskon, ett\u00e4 jokaisessa organisaatiossa piilee vahvuuksia, jotka ansaitsevat tulla kuulluiksi ja jotka rakentavat aidon, vahvan ja erottuvan br\u00e4ndin. <\/p>\n\n\n\n<p>Minulla on yli 25 vuoden kokemus vaativista viestinn\u00e4n johtoteht\u00e4vist\u00e4 globaaleissa B2B-teknologiayrityksiss\u00e4 muun muassa Nokialla, Vaisalassa ja Metsolla. T\u00e4m\u00e4 monipuolinen tausta antaa valmiudet ratkoa hyvin laaja-alaisia viestinn\u00e4n haasteita. Ota yhteytt\u00e4 niin jutellaan, kuinka voisin auttaa sinua parhaiten.<\/p>\n\n\n\n<figure class=\"wp-block-image size-full\"><img loading=\"lazy\" decoding=\"async\" width=\"1245\" height=\"1500\" src=\"https:\/\/corplore.fi\/wp-content\/uploads\/2025\/09\/HMpienempi.png\" alt=\"\" class=\"wp-image-47\" srcset=\"https:\/\/corplore.fi\/wp-content\/uploads\/2025\/09\/HMpienempi.png 1245w, https:\/\/corplore.fi\/wp-content\/uploads\/2025\/09\/HMpienempi-249x300.png 249w\" sizes=\"auto, (max-width: 1245px) 100vw, 1245px\" \/><\/figure>\n","protected":false},"excerpt":{"rendered":"<p>Corploren teht\u00e4v\u00e4 on auttaa yrityksi\u00e4 l\u00f6yt\u00e4m\u00e4\u00e4n omat ainutlaatuiset tarinansa ja kokemuksensa ja tuomaan ne esiin vaikuttavan viestinn\u00e4n keinoin. Uskon, ett\u00e4 [&hellip;]<\/p>\n","protected":false},"author":1,"featured_media":0,"parent":0,"menu_order":0,"comment_status":"closed","ping_status":"closed","template":"","meta":{"site-sidebar-layout":"default","site-content-layout":"","ast-site-content-layout":"narrow-width-container","site-content-style":"unboxed","site-sidebar-style":"default","ast-global-header-display":"","ast-banner-title-visibility":"","ast-main-header-display":"","ast-hfb-above-header-display":"","ast-hfb-below-header-display":"","ast-hfb-mobile-header-display":"","site-post-title":"","ast-breadcrumbs-content":"","ast-featured-img":"","footer-sml-layout":"","ast-disable-related-posts":"","theme-transparent-header-meta":"","adv-header-id-meta":"","stick-header-meta":"","header-above-stick-meta":"","header-main-stick-meta":"","header-below-stick-meta":"","astra-migrate-meta-layouts":"default","ast-page-background-enabled":"default","ast-page-background-meta":{"desktop":{"background-color":"var(--ast-global-color-5)","background-image":"","background-repeat":"repeat","background-position":"center center","background-size":"auto","background-attachment":"scroll","background-type":"","background-media":"","overlay-type":"","overlay-color":"","overlay-opacity":"","overlay-gradient":""},"tablet":{"background-color":"","background-image":"","background-repeat":"repeat","background-position":"center center","background-size":"auto","background-attachment":"scroll","background-type":"","background-media":"","overlay-type":"","overlay-color":"","overlay-opacity":"","overlay-gradient":""},"mobile":{"background-color":"","background-image":"","background-repeat":"repeat","background-position":"center center","background-size":"auto","background-attachment":"scroll","background-type":"","background-media":"","overlay-type":"","overlay-color":"","overlay-opacity":"","overlay-gradient":""}},"ast-content-background-meta":{"desktop":{"background-color":"var(--ast-global-color-4)","background-image":"","background-repeat":"repeat","background-position":"center center","background-size":"auto","background-attachment":"scroll","background-type":"","background-media":"","overlay-type":"","overlay-color":"","overlay-opacity":"","overlay-gradient":""},"tablet":{"background-color":"var(--ast-global-color-4)","background-image":"","background-repeat":"repeat","background-position":"center center","background-size":"auto","background-attachment":"scroll","background-type":"","background-media":"","overlay-type":"","overlay-color":"","overlay-opacity":"","overlay-gradient":""},"mobile":{"background-color":"var(--ast-global-color-4)","background-image":"","background-repeat":"repeat","background-position":"center center","background-size":"auto","background-attachment":"scroll","background-type":"","background-media":"","overlay-type":"","overlay-color":"","overlay-opacity":"","overlay-gradient":""}},"footnotes":""},"class_list":["post-186","page","type-page","status-publish","hentry"],"_links":{"self":[{"href":"https:\/\/corplore.fi\/index.php\/wp-json\/wp\/v2\/pages\/186","targetHints":{"allow":["GET"]}}],"collection":[{"href":"https:\/\/corplore.fi\/index.php\/wp-json\/wp\/v2\/pages"}],"about":[{"href":"https:\/\/corplore.fi\/index.php\/wp-json\/wp\/v2\/types\/page"}],"author":[{"embeddable":true,"href":"https:\/\/corplore.fi\/index.php\/wp-json\/wp\/v2\/users\/1"}],"replies":[{"embeddable":true,"href":"https:\/\/corplore.fi\/index.php\/wp-json\/wp\/v2\/comments?post=186"}],"version-history":[{"count":7,"href":"https:\/\/corplore.fi\/index.php\/wp-json\/wp\/v2\/pages\/186\/revisions"}],"predecessor-version":[{"id":347,"href":"https:\/\/corplore.fi\/index.php\/wp-json\/wp\/v2\/pages\/186\/revisions\/347"}],"wp:attachment":[{"href":"https:\/\/corplore.fi\/index.php\/wp-json\/wp\/v2\/media?parent=186"}],"curies":[{"name":"wp","href":"https:\/\/api.w.org\/{rel}","templated":true}]}}